{"id":41,"date":"2017-04-24T19:01:44","date_gmt":"2017-04-24T19:01:44","guid":{"rendered":"http:\/\/erichartner-versicherungen.at\/erichartner-versicherungen.at\/?page_id=41"},"modified":"2017-04-24T19:09:29","modified_gmt":"2017-04-24T19:09:29","slug":"angebot","status":"publish","type":"page","link":"https:\/\/erichartner-versicherungen.at\/?page_id=41","title":{"rendered":"ANGEBOT"},"content":{"rendered":"<div class=\"\"><\/div>\n<div class=\"\">\n<div class=\"\">\n<div class=\"\">\n<div class=\"\">\n<div class=\"\">\n<div class=\"\"><\/div>\n<div class=\"\"><b class=\"\"><span class=\"\">Risikomanagement<\/span><\/b><\/div>\n<div class=\"\">\n<div class=\"\"><span class=\"\">\u00a0<\/span><\/div>\n<div class=\"\"><span class=\"\">Wir unterst\u00fctzen Sie bei der Bewertung Ihrer Risiken und analysieren ganzheitlich welche dieser Gefahren einem Risikotransfer (hin zu einem Risikotr\u00e4ger = Versicherungsanstalt) zugef\u00fchrt werden sollten, um Ihnen optimale Konditionen und im Schadensfall Ertragssicherheit bieten zu k\u00f6nnen. <\/span><\/div>\n<div class=\"\"><span class=\"\">In diesem gesamten und dauerhaften Prozess steht f\u00fcr uns die Transparenz, Seriosit\u00e4t und Nachhaltigkeit im Mittelpunkt.<\/span><\/div>\n<div class=\"\"><span class=\"\">\u00a0<\/span><\/div>\n<div class=\"\"><span class=\"\">Wir bieten Versicherungsl\u00f6sungen in folgende Bereichen:<\/span><\/div>\n<div class=\"\"><span class=\"\">\u00a0<\/span><\/div>\n<div class=\"\"><b class=\"\"><span class=\"\">Privatkunden:<\/span><\/b><\/div>\n<div class=\"\"><span class=\"\">\u00a0<\/span><\/div>\n<div class=\"\"><span class=\"\">\u00b7\u00a0\u00a0\u00a0\u00a0\u00a0 <\/span><span class=\"\">Haushalt und Eigenheim<\/span><\/div>\n<div class=\"\"><span class=\"\">\u00b7\u00a0\u00a0\u00a0\u00a0\u00a0 <\/span><span class=\"\">KFZ<\/span><\/div>\n<div class=\"\"><span class=\"\">\u00b7\u00a0\u00a0\u00a0\u00a0\u00a0 <\/span><span class=\"\">Rechtsschutz<\/span><\/div>\n<div class=\"\"><span class=\"\">\u00b7\u00a0\u00a0\u00a0\u00a0\u00a0 <\/span><span class=\"\">Unfall<\/span><\/div>\n<div class=\"\"><span class=\"\">\u00b7\u00a0\u00a0\u00a0\u00a0\u00a0 <\/span><span class=\"\">Kranken (Gesundheitsvorsorge)<\/span><\/div>\n<div class=\"\"><span class=\"\">\u00b7\u00a0\u00a0\u00a0\u00a0\u00a0 <\/span><span class=\"\">Berufsunf\u00e4higkeit<\/span><\/div>\n<div class=\"\"><span class=\"\">\u00b7\u00a0\u00a0\u00a0\u00a0\u00a0 <\/span><span class=\"\">Lebensversicherung (Vorsorge)<\/span><\/div>\n<div class=\"\"><span class=\"\">\u00a0<\/span><\/div>\n<div class=\"\"><b class=\"\"><span class=\"\">Firmenkunden:<\/span><\/b><\/div>\n<div class=\"\"><span class=\"\">\u00a0<\/span><\/div>\n<div class=\"\"><span class=\"\">\u00b7\u00a0\u00a0\u00a0\u00a0\u00a0 <\/span><span class=\"\">Betriebsb\u00fcndel<\/span><\/div>\n<div class=\"\"><span class=\"\">\u00b7\u00a0\u00a0\u00a0\u00a0\u00a0 <\/span><span class=\"\">Betriebsunterbrechung<\/span><\/div>\n<div class=\"\"><span class=\"\">\u00b7\u00a0\u00a0\u00a0\u00a0\u00a0 <\/span><span class=\"\">IT (Soft- und Hardware)<\/span><\/div>\n<div class=\"\"><span class=\"\">\u00b7\u00a0\u00a0\u00a0\u00a0\u00a0 <\/span><span class=\"\">Betriebshaftpflicht inkl. Verm\u00f6genschadenhaftpflicht<\/span><\/div>\n<div class=\"\"><span class=\"\">\u00b7\u00a0\u00a0\u00a0\u00a0\u00a0 <\/span><span class=\"\">Vertrauensschaden<\/span><\/div>\n<div class=\"\"><span class=\"\">\u00b7\u00a0\u00a0\u00a0\u00a0\u00a0 <\/span><span class=\"\">Rechtsschutz<\/span><\/div>\n<div class=\"\"><span class=\"\">\u00b7\u00a0\u00a0\u00a0\u00a0\u00a0 <\/span><span class=\"\">D&amp;O Managerhaftpflicht<\/span><\/div>\n<div class=\"\"><span class=\"\">\u00b7\u00a0\u00a0\u00a0\u00a0\u00a0 <\/span><span class=\"\">Pensionszusagen (Betriebliche Altersvorsorge)<\/span><\/div>\n<div class=\"\"><span class=\"\">\u00b7\u00a0\u00a0\u00a0\u00a0\u00a0 <\/span><span class=\"\">Flotten (Fuhrparkmanagement)<\/span><\/div>\n<div class=\"\"><\/div>\n<div class=\"\"><\/div>\n<\/div>\n<div class=\"\" style=\"text-align: right;\"><span style=\"color: #7b7b7b; font-family: 'Tw Cen MT'; font-size: large;\">ERICH<\/span><span class=\"Apple-converted-space\">\u00a0<\/span><span style=\"color: #7f130c; font-family: 'Tw Cen MT'; font-size: large;\">ARTNER<\/span><\/div>\n<\/div>\n<\/div>\n<\/div>\n<\/div>\n<\/div>\n","protected":false},"excerpt":{"rendered":"<p>Risikomanagement \u00a0 Wir unterst\u00fctzen Sie bei der Bewertung Ihrer Risiken und analysieren ganzheitlich welche dieser Gefahren einem Risikotransfer (hin zu einem Risikotr\u00e4ger = Versicherungsanstalt) zugef\u00fchrt werden sollten, um Ihnen optimale Konditionen und im Schadensfall Ertragssicherheit&hellip; <a href=\"https:\/\/erichartner-versicherungen.at\/?page_id=41\">Mehr<\/a><\/p>\n","protected":false},"author":2,"featured_media":0,"parent":0,"menu_order":0,"comment_status":"closed","ping_status":"closed","template":"","meta":{"footnotes":""},"class_list":["post-41","page","type-page","status-publish","hentry"],"_links":{"self":[{"href":"https:\/\/erichartner-versicherungen.at\/index.php?rest_route=\/wp\/v2\/pages\/41","targetHints":{"allow":["GET"]}}],"collection":[{"href":"https:\/\/erichartner-versicherungen.at\/index.php?rest_route=\/wp\/v2\/pages"}],"about":[{"href":"https:\/\/erichartner-versicherungen.at\/index.php?rest_route=\/wp\/v2\/types\/page"}],"author":[{"embeddable":true,"href":"https:\/\/erichartner-versicherungen.at\/index.php?rest_route=\/wp\/v2\/users\/2"}],"replies":[{"embeddable":true,"href":"https:\/\/erichartner-versicherungen.at\/index.php?rest_route=%2Fwp%2Fv2%2Fcomments&post=41"}],"version-history":[{"count":7,"href":"https:\/\/erichartner-versicherungen.at\/index.php?rest_route=\/wp\/v2\/pages\/41\/revisions"}],"predecessor-version":[{"id":55,"href":"https:\/\/erichartner-versicherungen.at\/index.php?rest_route=\/wp\/v2\/pages\/41\/revisions\/55"}],"wp:attachment":[{"href":"https:\/\/erichartner-versicherungen.at\/index.php?rest_route=%2Fwp%2Fv2%2Fmedia&parent=41"}],"curies":[{"name":"wp","href":"https:\/\/api.w.org\/{rel}","templated":true}]}}