{"id":56,"date":"2017-04-24T19:10:31","date_gmt":"2017-04-24T19:10:31","guid":{"rendered":"http:\/\/erichartner-versicherungen.at\/erichartner-versicherungen.at\/?page_id=56"},"modified":"2017-04-24T19:15:29","modified_gmt":"2017-04-24T19:15:29","slug":"home","status":"publish","type":"page","link":"https:\/\/erichartner-versicherungen.at\/","title":{"rendered":""},"content":{"rendered":"<div class=\"\"><b class=\"\"><span class=\"\">Als Versicherungsagentur sind wir Ihr Partner in allen Versicherungsangelegenheiten.<\/span><\/b><\/div>\n<div class=\"\"><span class=\"\">\u00a0<\/span><\/div>\n<div class=\"\"><span class=\"\">Wir sind Ihr Kompetenzzentrum und ihre Betreuungseinheit, <\/span><span class=\"\">weil wir den \u00dcberblick \u00fcber den Versicherungsmarkt haben, Sie qualifiziert und kundenorientiert beraten und f\u00fcr Ihre Risikosituation den ad\u00e4quaten und ma\u00dfgeschneiderten Versicherungsschutz bereitstellen und Sie am besten langj\u00e4hrig begleiten, um Ihr Risiko stets neu zu bewerten und Ihren Versicherungsschutz den aktuellen Bed\u00fcrfnissen und Marktbegebenheiten anzupassen. <\/span><\/div>\n<div class=\"\"><span class=\"\">Unsere vielj\u00e4hrige Erfahrung steht Ihnen nat\u00fcrlich auch im Schadensfall zur Verf\u00fcgung, indem wir uns mit unserer Fachkompetenz und unseren Branchenkenntnissen bestm\u00f6glich f\u00fcr Sie einsetzen und zur Befriedigung Ihrer Forderungen beitragen.<\/span><\/div>\n<div class=\"\"><\/div>\n<div class=\"\" style=\"text-align: right;\"><span style=\"color: #7b7b7b; font-family: 'Tw Cen MT'; font-size: large;\">ERICH<\/span><span class=\"Apple-converted-space\">\u00a0<\/span><span style=\"color: #7f130c; font-family: 'Tw Cen MT'; font-size: large;\">ARTNER<\/span><\/div>\n","protected":false},"excerpt":{"rendered":"<p>Als Versicherungsagentur sind wir Ihr Partner in allen Versicherungsangelegenheiten. \u00a0 Wir sind Ihr Kompetenzzentrum und ihre Betreuungseinheit, weil wir den \u00dcberblick \u00fcber den Versicherungsmarkt haben, Sie qualifiziert und kundenorientiert beraten und f\u00fcr Ihre Risikosituation den&hellip; <a href=\"https:\/\/erichartner-versicherungen.at\/\">Mehr<\/a><\/p>\n","protected":false},"author":2,"featured_media":0,"parent":0,"menu_order":0,"comment_status":"closed","ping_status":"closed","template":"","meta":{"footnotes":""},"class_list":["post-56","page","type-page","status-publish","hentry"],"_links":{"self":[{"href":"https:\/\/erichartner-versicherungen.at\/index.php?rest_route=\/wp\/v2\/pages\/56","targetHints":{"allow":["GET"]}}],"collection":[{"href":"https:\/\/erichartner-versicherungen.at\/index.php?rest_route=\/wp\/v2\/pages"}],"about":[{"href":"https:\/\/erichartner-versicherungen.at\/index.php?rest_route=\/wp\/v2\/types\/page"}],"author":[{"embeddable":true,"href":"https:\/\/erichartner-versicherungen.at\/index.php?rest_route=\/wp\/v2\/users\/2"}],"replies":[{"embeddable":true,"href":"https:\/\/erichartner-versicherungen.at\/index.php?rest_route=%2Fwp%2Fv2%2Fcomments&post=56"}],"version-history":[{"count":3,"href":"https:\/\/erichartner-versicherungen.at\/index.php?rest_route=\/wp\/v2\/pages\/56\/revisions"}],"predecessor-version":[{"id":61,"href":"https:\/\/erichartner-versicherungen.at\/index.php?rest_route=\/wp\/v2\/pages\/56\/revisions\/61"}],"wp:attachment":[{"href":"https:\/\/erichartner-versicherungen.at\/index.php?rest_route=%2Fwp%2Fv2%2Fmedia&parent=56"}],"curies":[{"name":"wp","href":"https:\/\/api.w.org\/{rel}","templated":true}]}}