{"id":64,"date":"2017-04-24T19:45:19","date_gmt":"2017-04-24T19:45:19","guid":{"rendered":"http:\/\/erichartner-versicherungen.at\/erichartner-versicherungen.at\/?page_id=64"},"modified":"2023-05-09T15:21:17","modified_gmt":"2023-05-09T15:21:17","slug":"impressum","status":"publish","type":"page","link":"https:\/\/erichartner-versicherungen.at\/?page_id=64","title":{"rendered":"Impressum \/ Datenschutz"},"content":{"rendered":"<h2><\/h2>\n<p>Informationspflicht laut \u00a75 E-Commerce Gesetz, \u00a714 Unternehmensgesetzbuch, \u00a763 Gewerbeordnung und Offenlegungspflicht laut \u00a725 Mediengesetz<\/p>\n<p>Versicherungsagentur Erich Artner<br \/>\nErich\u00a0Artner<br \/>\nLinzer Stra\u00dfe 448\/2\/1<br \/>\n1140\u00a0Wien<\/p>\n<p><strong>Unternehmensgegenstand:<\/strong>\u00a0Versicherung<\/p>\n<p><strong>Tel.:<\/strong>\u00a0022363627866-0<br \/>\n<strong>Fax:<\/strong>\u00a00223627866-15<br \/>\n<strong>E-Mail:<\/strong> <a href=\"mailto:office@erichartner.at\">office@erichartner.at<\/a><\/p>\n<p><strong>UID-Nummer:<\/strong>\u00a0ATU70124803<\/p>\n<p><strong>Mitglied bei:<\/strong>\u00a0WKO<br \/>\n<strong>Berufsrecht:<\/strong>\u00a0GISA Zahl: 28231493<\/p>\n<p><strong>Aufsichtsbeh\u00f6rde\/Gewerbebeh\u00f6rde:<\/strong>\u00a0Gewerbebeh\u00f6rde Wien<br \/>\n<strong>Berufsbezeichnung:<\/strong>\u00a0Versicherungsagent<br \/>\n<strong>Verleihungsstaat:<\/strong>\u00a0\u00d6sterreich<\/p>\n<p><strong>Datenschutz<\/strong><\/p>\n<p><strong>\u00a0<\/strong>In dieser Datenschutzerkl\u00e4rung finden Sie Informationen \u00fcber die Art, den Umfang und die Zwecke der Datenverarbeitung (vgl. Art 13, 14 und 21 der Datenschutz-Grundverordnung [EU] 2016\/679 [DSGVO]).<\/p>\n<p>Dies betrifft personenbezogene Daten der Besucher, Nutzer, Interessenten und Kunden (Vertragspartner) von Erich Artner (E.U.), Linzer Stra\u00dfe 448\/2\/1 sowie die von der Versicherungsagentur akquirierten und\/oder betreuten Versicherungsnehmer.<\/p>\n<p>Wenn im Folgenden von dem \u201eUnternehmen\u201c die Rede ist, ist der\/die Versicherungsagent(in) gemeint, soweit er\/sie datenschutzrechtlich verantwortlich ist, beispielsweise falls er Daten in seinem\/ihrem eigenen System verarbeitet.<\/p>\n<p>Unter den \u201ebetroffene[n] Person[en]\u201c sind die genannten Besucher, Nutzer, Interessenten,<\/p>\n<p>Kunden bzw. Versicherungsnehmer zu verstehen.<\/p>\n<p><strong>(a) Allgemeines<\/strong><\/p>\n<p>Das Unternehmen erhebt personenbezogene Daten, wenn betroffene Personen diese im Rahmen des Besuchs und der Nutzung der Website, im Rahmen einer Anfrage, bei einer (sonstigen) Kontaktaufnahme (z.B. per Kontaktformular oder E-Mail) oder bei Er\u00f6ffnung eines Kundenkontos mitteilen. Welche Daten erhoben werden, ist aus den jeweiligen Eingabeformularen bzw. aus den Abfragen durch die Mitarbeiter des Unternehmens<\/p>\n<p>ersichtlich.<\/p>\n<p><strong>(b) Name und Kontaktdaten des Verantwortlichen<\/strong><\/p>\n<p>Erich Artner, Linzer Stra\u00dfe 448\/2\/1, 1140 Wien, GISA Zahl: 28231493<\/p>\n<p>Tel.: +43 2236 27866-0<\/p>\n<p>Email: office@erichartner.at<\/p>\n<p>Ein Datenschutzbeauftragter ist im Unternehmen nicht bestellt.<\/p>\n<p><strong>(c) Verarbeitungszwecke und Rechtsgrundlagen<\/strong><\/p>\n<p>Die personenbezogenen Daten der betroffenen Personen werden zu folgenden Zwecken<\/p>\n<p>verarbeitet:<\/p>\n<p>&#8211; zur Erf\u00fcllung des Auftrags an das Unternehmen (Betreuung, Beratung, Vermittlung von Versicherungsvertr\u00e4gen, Schadensabwicklung, Konvertierungen etc) bzw. zur Erf\u00fcllung des Versicherungsvertrags mit dem Versicherungsunternehmen oder zur Durchf\u00fchrung vorvertraglicher Ma\u00dfnahmen, die auf Anfrage der betroffenen Person erfolgen (Beratung, Vermittlung, Einholung von Angeboten etc),<\/p>\n<p>&#8211; zur Erf\u00fcllung gesetzlicher Dokumentations- und \u00dcbermittlungspflichten, insb. Auf dem Gebiet des Steuer- und Abgabenwesens und<\/p>\n<p>&#8211; zur Erf\u00fcllung allf\u00e4lliger Meldepflichten gegen\u00fcber den Interessenten, Kunden und Beh\u00f6rden im Falle einer Verletzung des Datenschutzes. Rechtsgrundlagen f\u00fcr die Verarbeitung sind<\/p>\n<p>&#8211; der mit der betroffenen Person abgeschlossene Vertrag bzw. Auftrag (siehe oben),<\/p>\n<p>&#8211; die vorvertraglichen Ma\u00dfnahmen auf Anfrage der betroffenen Person und<\/p>\n<p>&#8211; sofern keine Gesundheitsdaten und keine sonstigen, sensiblen Daten betroffen sind, das berechtigte Interesse des Unternehmens (Art 6 Abs 1 lit b und f DSGVO) sowie<\/p>\n<p>&#8211; eine Einwilligung (so wie unten beschrieben).<\/p>\n<p>Das berechtigte Interesse besteht in Folgendem:<\/p>\n<p>&#8211; der Anbahnung von Gesch\u00e4ftsabschl\u00fcssen,<\/p>\n<p>&#8211; der Durchf\u00fchrung und Dokumentation der Gesch\u00e4ftsf\u00e4lle,<\/p>\n<p>&#8211; der hinreichenden Information von Interessenten und Kunden \u00fcber die vom Unternehmen angebotenen bzw. vermittelten Produkte und Dienstleistungen, Veranstaltungen, Aktionen etc, d.h. der Werbung. Dies umfasst auch, dass die Daten zu diesem Zweck an Dritte \u00fcbermittelt werden, falls dies f\u00fcr die Durchf\u00fchrung dieser oder anderer Marketingma\u00dfnahmen, statistische Auswertungen etc. erforderlich ist sowie<\/p>\n<p>&#8211; der internen Verwaltung im Konzern, sofern das Unternehmen einem solchen angeh\u00f6rt bzw. mit einem solchen verbunden ist.<\/p>\n<p>In den folgenden F\u00e4llen ist die Rechtsgrundlage der Verarbeitung die Einwilligungserkl\u00e4rung<\/p>\n<p>der betroffenen Person:<\/p>\n<p>&#8211; Hinsichtlich gesundheitsbezogener Daten (z.B. Vorerkrankungen, Behandlungen, Krankheitsgeschichte) stimmt die betroffene Person zu, dass die Daten, soweit erforderlich, f\u00fcr die Vermittlung und Bearbeitung von Lebens- und Krankenversicherungen (Einholung von Angeboten, Konvertierungen etc.) und f\u00fcr die Schadensabwicklung verwendet werden.<\/p>\n<p>&#8211; Bei Anmeldung zu einem Newsletter stimmt die betroffene Person zu, dass die hierf\u00fcr erforderlichen oder gesondert von der betroffenen Person mitgeteilten Daten zur regelm\u00e4\u00dfigen Zusendung von E-Mail-Newslettern verwendet werden.<\/p>\n<p>&#8211; Bei der Ver\u00f6ffentlichung von Postings auf der Facebook-Seite des Unternehmens stimmt die betroffene Person zu, dass die Postings durch das Unternehmen, z.B. auf einer sogenannten \u201eSocial Wall\u201c ver\u00f6ffentlicht werden d\u00fcrfen.<\/p>\n<p>&#8211; Die Aufnahme in eine Teilnehmerliste bei Veranstaltungen und Pr\u00e4sentationen nebst deren Aush\u00e4ndigung an die Teilnehmer und die weitere Verarbeitung der darin angegebenen Daten st\u00fctzt sich ebenso auf die darin liegende Einwilligung der betreffenden Personen.<\/p>\n<p>Diese Einwilligung kann (auch einzeln) jederzeit durch Nachricht an die oben unter lit (b) beschriebene Kontaktm\u00f6glichkeit aber auch durch Anklicken der betreffenden Checkbox (\u201eK\u00e4stchen\u201c) <strong>widerrufen <\/strong>werden. Durch den Widerruf wird die bis dahin erfolgte<\/p>\n<p>Verarbeitung nicht unzul\u00e4ssig (keine R\u00fcckwirkung des Widerrufs).<\/p>\n<p>Da die Verarbeitung wie dargelegt auf das berechtigte Interesse des Unternehmens gest\u00fctzt wird, steht der betroffenen Person diesbez\u00fcglich das Recht auf <strong>Widerspruch <\/strong>nach Art 21 DSGVO zu. Dazu verweisen wir auf die gesonderte Aufkl\u00e4rung am Ende dieser Datenschutzerkl\u00e4rung.<\/p>\n<p><strong>\u00a0<\/strong><strong>(d) Erforderlichkeit<\/strong><\/p>\n<p>Die Bereitstellung der personenbezogenen Daten an das Unternehmen ist f\u00fcr den Abschluss und die Erf\u00fcllung des Beratungs- und Vermittlungsauftrags und eines daraus resultierenden Versicherungsvertrags erforderlich. Dies gilt auch f\u00fcr die \u00dcbermittlung gesundheitsbezogener Daten (z.B. Vorerkrankungen, Behandlungen, Krankheitsgeschichte), die f\u00fcr die Vermittlung und Bearbeitung von Lebens- und Krankenversicherungen (Einholung von Angeboten, Konvertierungen etc.) und f\u00fcr die Schadensabwicklung erforderlich sind. Die Nichtbereitstellung h\u00e4tte zur Folge, dass das Unternehmen nicht t\u00e4tig werden k\u00f6nnte und daher keinen Versicherungsvertrag vermitteln bzw. den Versicherungsnehmer nicht betreuen und keine Schadensabwicklung vornehmen k\u00f6nnte.<\/p>\n<p>F\u00fcr die Anmeldung zu einem Newsletter ist die Bereitstellung der personenbezogenen Daten an das Unternehmen f\u00fcr die Zusendung des Newsletters erforderlich. Die Nichtbereitstellung h\u00e4tte zur Folge, dass der Newsletter nicht zugesendet werden k\u00f6nnte. Auf das T\u00e4tigwerden des Unternehmens sowie auf den sp\u00e4teren Versicherungsvertrag hat die Nichtbereitstellung keine Auswirkung, dies ist also ausdr\u00fccklich keine Voraussetzung.<\/p>\n<p>F\u00fcr die Ver\u00f6ffentlichung von Postings auf der Facebook-Seite des Unternehmens ist die Bereitstellung der personenbezogenen Daten erforderlich. Die Nichtbereitstellung h\u00e4tte zur<\/p>\n<p>Folge, dass das Posting nicht ver\u00f6ffentlicht werden k\u00f6nnte. Auf das T\u00e4tigwerden des Unternehmens sowie auf den sp\u00e4teren Versicherungsvertrag hat die Nichtbereitstellung keine Auswirkung, dies ist also ausdr\u00fccklich keine Voraussetzung.<\/p>\n<p>F\u00fcr die Teilnahme an Veranstaltungen und Pr\u00e4sentationen ist die Bereitstellung der personenbezogenen Daten nebst deren Aush\u00e4ndigung an die Teilnehmer und die weitere Verarbeitung der darin angegebenen Daten erforderlich. Die Nichtbereitstellung h\u00e4tte zur Folge, dass nicht teilgenommen werden k\u00f6nnte. Auf das T\u00e4tigwerden des Unternehmens sowie auf den sp\u00e4teren Versicherungsvertrag hat die Nichtbereitstellung keine Auswirkung, dies ist also ausdr\u00fccklich keine Voraussetzung.<\/p>\n<p><strong>(e) Empf\u00e4nger der Daten<\/strong><\/p>\n<p>Eine Offenlegung der personenbezogenen Daten der betroffenen Person an andere Empf\u00e4nger als dem Unternehmen (nat\u00fcrliche oder juristische Personen, Beh\u00f6rden, Einrichtungen oder andere Stellen) erfolgt nicht. Davon ausgenommen sind<\/p>\n<p>_ Versicherungsunternehmen;<\/p>\n<p>_ Beh\u00f6rden, die im Rahmen eines bestimmten Untersuchungsauftrags nach dem Unionsrecht oder nach \u00f6sterreichischem Recht m\u00f6glicherweise personenbezogene Daten erhalten; die Verarbeitung dieser Daten durch die genannten Beh\u00f6rden hat im Einklang mit den geltenden Datenschutzvorschriften zu erfolgen;<\/p>\n<p>_ Auftragsverarbeiter, die die personenbezogenen Daten im Auftrag des Unternehmens verarbeiten. Beispielsweise werden zum Zweck der Abwicklung von Zahlungen die hierf\u00fcr erforderlichen Zahlungsdaten dem mit der Zahlung beauftragten Kreditinstitut oder dem ausgew\u00e4hlten Zahlungsdienst offengelegt.<\/p>\n<p>Das Unternehmen hat nicht die Absicht, die personenbezogenen Daten an ein Drittland oder<\/p>\n<p>an eine internationale Organisation zu \u00fcbermitteln.<\/p>\n<p><strong>(f) Aktualisierung<\/strong><\/p>\n<p>Die Aktualisierung der Interessenten- und Kundendaten erfolgt in erster Linie auf Grundlage direkter R\u00fcckmeldungen bzw. \u00c4nderungshinweisen durch die Interessierten und Kunden an das Unternehmen. Ausnahmsweise werden \u00f6ffentlich zug\u00e4ngliche Informationen (z.B. Berufs- und Branchenverzeichnisse) verwendet. Die Datenkategorien, die dabei, je nach Verf\u00fcgbarkeit, erhoben werden k\u00f6nnen, sind folgende: Name, Alter, Geburtsdatum, Beruf, beruflicher Werdegang, Adresse, wirtschaftlicher Status, Zahlungsverhalten.<\/p>\n<p><strong>(g) Dauer der Datenspeicherung<\/strong><\/p>\n<p>Die personenbezogenen Daten werden so lange gespeichert,<\/p>\n<p>&#8211; bis sie f\u00fcr die Zwecke, f\u00fcr die sie erhoben oder auf sonstige Weise verarbeitet wurden, nicht mehr notwendig sind;<\/p>\n<p>&#8211; im Fall einer Verarbeitung aufgrund einer Einwilligungserkl\u00e4rung solange, bis die<\/p>\n<p>betroffene Person ihre Einwilligung widerruft;<\/p>\n<p>&#8211; jedenfalls aber solange die Speicherung zur Erf\u00fcllung einer rechtlichen Verpflichtung (z.B. gesetzliche Aufbewahrungspflichten) oder zur Geltendmachung, Aus\u00fcbung oder Verteidigung von Rechtsanspr\u00fcchen des Unternehmens und\/oder des Versicherungsunternehmens erforderlich ist.<\/p>\n<p><strong>(h) Rechte des Betroffenen<\/strong><\/p>\n<p>Die betroffene Person hat gem\u00e4\u00df Art 15 DSGVO das Recht, von dem Verantwortlichen \u2013 bei Nachweis ihrer Identit\u00e4t \u2013 eine <strong>Best\u00e4tigung <\/strong>dar\u00fcber zu verlangen, ob sie betreffende<\/p>\n<p>personenbezogene Daten verarbeitet werden. Ist dies der Fall, so hat die betroffene Person weiter ein <strong>Recht<\/strong><\/p>\n<p>&#8211; auf <strong>Auskunft <\/strong>\u00fcber diese personenbezogenen Daten und<\/p>\n<p>&#8211; auf die in Art 15 Abs 1 DSGVO genannten <strong>Informationen <\/strong>wie z.B. die Kategorien personenbezogener Daten und weitere Informationen (Anmerkung: diese entsprechen den in dieser Erkl\u00e4rung enthaltenen Informationen).<\/p>\n<p>Die betroffene Person hat das Recht, von dem Verantwortlichen unverz\u00fcglich die Berichtigung sie betreffender unrichtiger personenbezogener Daten zu verlangen (<strong>Recht auf Berichtigung <\/strong>gem\u00e4\u00df Art 16 DSGVO).<\/p>\n<p>Die betroffene Person hat unter den Voraussetzungen des Art 17 DSGVO ein <strong>Recht auf L\u00f6schung (\u201eRecht auf Vergessenwerden\u201c) <\/strong>der sie betreffenden personenbezogenen Daten, beispielsweise dann,<\/p>\n<p>&#8211; wenn die Daten f\u00fcr die Zwecke, f\u00fcr die sie erhoben oder auf sonstige Weise verarbeitet wurden, nicht mehr notwendig sind oder<\/p>\n<p>&#8211; unrechtm\u00e4\u00dfig verarbeitet werden oder<\/p>\n<p>&#8211;\u00a0im Fall einer Verarbeitung aufgrund einer Einwilligungserkl\u00e4rung \u2013 wenn die betroffene Person ihre Einwilligung widerruft.<\/p>\n<p>Hat das Unternehmen die personenbezogenen Daten, die gel\u00f6scht werden m\u00fcssen, \u00f6ffentlich gemacht, so besteht nach Art 21 Abs. 2 DSGVO folgende Verpflichtung:<\/p>\n<p>Unter Ber\u00fccksichtigung der verf\u00fcgbaren Technologie und der dadurch entstehenden Kosten erfolgen angemessene Ma\u00dfnahmen, um andere Verantwortliche \u00fcber die vorzunehmende L\u00f6schung zu informieren. Dies betrifft Verantwortliche, die die personenbezogenen Daten verarbeiten (also z.B. das betreffende Versicherungsunternehmen). Sie sind dar\u00fcber zu informieren, dass die betroffene Person die L\u00f6schung aller Links zu diesen personenbezogenen Daten, von Kopien und Replikationen dieser personenbezogenen Daten verlangt hat.<\/p>\n<p>Das Recht auf L\u00f6schung steht jedoch <strong>nicht <\/strong>zu,<\/p>\n<p>&#8211; wenn kein Grund f\u00fcr eine L\u00f6schung besteht (also keiner der oben genannten Gr\u00fcnde zutrifft) oder<\/p>\n<p>&#8211; wenn die in Art 17 Abs 3 DSGVO genannten Ausnahmen anwendbar sind, beispielsweise wenn die Verarbeitung zur Erf\u00fcllung einer rechtlichen Verpflichtung nach EU-Recht oder nach \u00f6sterreichischem Recht erforderlich ist (z.B. gesetzliche Aufbewahrungspflichten) oder zur Geltendmachung, Aus\u00fcbung oder Verteidigung von Rechtsanspr\u00fcchen.<\/p>\n<p>Die betroffene Person hat gem\u00e4\u00df Art 18 DSGVO das Recht auf <strong>Einschr\u00e4nkung der Verarbeitung<\/strong>, z.B.<\/p>\n<p>&#8211; wenn die betroffene Person die Richtigkeit der verarbeiteten Daten bestreitet,<\/p>\n<p>&#8211; die Verarbeitung unrechtm\u00e4\u00dfig ist oder<\/p>\n<p>&#8211; zwischen dem Unternehmen und der betroffenen Person strittig ist, ob ein Recht auf L\u00f6schung besteht. In diesem Fall wird das Unternehmen die betreffenden Daten nur noch speichern, aber nicht auf sonstige Weise verarbeiten.<\/p>\n<p>Die betroffene Person hat gem\u00e4\u00df Art 21 Abs 2 DSGVO das Recht, <strong>Widerspruch <\/strong>gegen die Verarbeitung sie betreffender personenbezogener Daten zum <strong>Zweck der Direktwerbung <\/strong>einzulegen. Die betroffene Person kann auch nur der Verarbeitung einzelner Kategorien sie betreffender Daten widersprechen, z.B. der Verwendung ihrer Emailadresse f\u00fcr Werbezwecke.<\/p>\n<p>Verlangt die betroffene Person die L\u00f6schung oder Einschr\u00e4nkung oder erhebt Widerspruch, so wird sie umgehend \u00fcber die getroffenen Ma\u00dfnahmen bzw. \u00fcber die Gr\u00fcnde, die aus der Sicht des Unternehmens einer Umsetzung entgegen stehen, informiert.<\/p>\n<p>Die betroffene Person hat gem\u00e4\u00df Art 20 DSGVO das Recht, die sie betreffenden personenbezogenen Daten, die sie dem Unternehmen bereitgestellt hat, in einem strukturierten, g\u00e4ngigen und <strong>maschinenlesbaren Format zu erhalten. <\/strong>Das gilt aber nur, wenn die Verarbeitung mithilfe automatisierter Verfahren erfolgt.<\/p>\n<p>Weiter hat sie das Recht, diese Daten einem anderen Verantwortlichen zu \u00fcbermitteln. Der Verantwortliche, dem die personenbezogenen Daten bereitgestellt wurden, darf sie dabei nicht behindern (<strong>Recht auf Daten\u00fcbertragbarkeit<\/strong>). Sofern technisch machbar, hat sie das<\/p>\n<p>Recht auf direkte \u00dcbermittlung von einem Verantwortlichen zu einem anderen.<\/p>\n<p><strong>(i) Beschwerderecht bei Aufsichtsbeh\u00f6rde<\/strong><\/p>\n<p>Die betroffene Person hat das Recht auf Beschwerde bei der Datenschutzbeh\u00f6rde, wenn sie der Ansicht ist, dass die Verarbeitung der sie betreffenden personenbezogenen Daten gegen die DSGVO oder gegen \u00a7 1 oder Artikel 2 1. Hauptst\u00fcck des Datenschutzgesetzes (DSG) in der Fassung des Datenschutz-Anpassungsgesetzes 2018 verst\u00f6\u00dft.<\/p>\n<p>[Cookies]<\/p>\n<p>[Google Analytics]<\/p>\n<p>[Facebook-Plugins]<\/p>\n<p>[gegebenenfalls weitere Datenschutzerkl\u00e4rungen z.B. Google+ Plugins etc]<\/p>\n<p><strong>&#8212;&#8212;&#8212;-<\/strong><\/p>\n<p><strong>\u00a0<\/strong>Gesonderte Aufkl\u00e4rung nach Art 21 Abs. 4 DSGVO:<\/p>\n<p>Da die Verarbeitung auf das berechtigte Interesse des Unternehmens gest\u00fctzt wird, steht der betroffenen Person das <strong>Recht auf Widerspruch <\/strong>nach Art 21 Abs. 1 DSGVO zu. Das gilt aber nur falls daf\u00fcr Gr\u00fcnde vorliegen, die sich aus ihrer <strong>besonderen Situation <\/strong>ergeben. Nicht ausreichend w\u00e4re es, wenn die betroffene Person generell keine Speicherung und sonstige Verarbeitung w\u00fcnscht. Vielmehr muss sie pers\u00f6nliche Gr\u00fcnde darlegen, weshalb ihr \u2013 anders als anderen Kunden und Nutzern \u2013 die (weitere) Verarbeitung von Daten \u00fcber ihre Person unzumutbar ist. Wird dies dargelegt, ist eine weitere Verarbeitung der personenbezogenen Daten nur in zwei F\u00e4llen zul\u00e4ssig:<\/p>\n<p>&#8211; das Unternehmen weist zwingende schutzw\u00fcrdige Gr\u00fcnde f\u00fcr die Verarbeitung nach,<\/p>\n<p>die die Interessen, Rechte und Freiheiten der betroffenen Person \u00fcberwiegen, oder<\/p>\n<p>&#8211; die Verarbeitung dient der Geltendmachung, Aus\u00fcbung oder Verteidigung von<\/p>\n<p>Rechtsanspr\u00fcchen.<\/p>\n<p style=\"text-align: right;\"><span style=\"color: #7b7b7b; font-family: 'Tw Cen MT'; font-size: large;\">ERICH<\/span><span class=\"Apple-converted-space\">\u00a0<\/span><span style=\"color: #7f130c; font-family: 'Tw Cen MT'; font-size: large;\">ARTNER<\/span><\/p>\n","protected":false},"excerpt":{"rendered":"<p>Informationspflicht laut \u00a75 E-Commerce Gesetz, \u00a714 Unternehmensgesetzbuch, \u00a763 Gewerbeordnung und Offenlegungspflicht laut \u00a725 Mediengesetz Versicherungsagentur Erich Artner Erich\u00a0Artner Linzer Stra\u00dfe 448\/2\/1 1140\u00a0Wien Unternehmensgegenstand:\u00a0Versicherung Tel.:\u00a0022363627866-0 Fax:\u00a00223627866-15 E-Mail: office@erichartner.at UID-Nummer:\u00a0ATU70124803 Mitglied bei:\u00a0WKO Berufsrecht:\u00a0GISA Zahl: 28231493 Aufsichtsbeh\u00f6rde\/Gewerbebeh\u00f6rde:\u00a0Gewerbebeh\u00f6rde Wien&hellip; <a href=\"https:\/\/erichartner-versicherungen.at\/?page_id=64\">Mehr<\/a><\/p>\n","protected":false},"author":2,"featured_media":0,"parent":0,"menu_order":0,"comment_status":"closed","ping_status":"closed","template":"","meta":{"footnotes":""},"class_list":["post-64","page","type-page","status-publish","hentry"],"_links":{"self":[{"href":"https:\/\/erichartner-versicherungen.at\/index.php?rest_route=\/wp\/v2\/pages\/64","targetHints":{"allow":["GET"]}}],"collection":[{"href":"https:\/\/erichartner-versicherungen.at\/index.php?rest_route=\/wp\/v2\/pages"}],"about":[{"href":"https:\/\/erichartner-versicherungen.at\/index.php?rest_route=\/wp\/v2\/types\/page"}],"author":[{"embeddable":true,"href":"https:\/\/erichartner-versicherungen.at\/index.php?rest_route=\/wp\/v2\/users\/2"}],"replies":[{"embeddable":true,"href":"https:\/\/erichartner-versicherungen.at\/index.php?rest_route=%2Fwp%2Fv2%2Fcomments&post=64"}],"version-history":[{"count":10,"href":"https:\/\/erichartner-versicherungen.at\/index.php?rest_route=\/wp\/v2\/pages\/64\/revisions"}],"predecessor-version":[{"id":149,"href":"https:\/\/erichartner-versicherungen.at\/index.php?rest_route=\/wp\/v2\/pages\/64\/revisions\/149"}],"wp:attachment":[{"href":"https:\/\/erichartner-versicherungen.at\/index.php?rest_route=%2Fwp%2Fv2%2Fmedia&parent=64"}],"curies":[{"name":"wp","href":"https:\/\/api.w.org\/{rel}","templated":true}]}}